{"id":19,"date":"2018-04-11T07:14:44","date_gmt":"2018-04-11T07:14:44","guid":{"rendered":"https:\/\/demoapus2.com\/findgo\/?page_id=19"},"modified":"2025-08-27T08:23:14","modified_gmt":"2025-08-27T13:23:14","slug":"home-1","status":"publish","type":"page","link":"https:\/\/camaralalibertad.org.pe\/directorio\/","title":{"rendered":"Home 1"},"content":{"rendered":"<section class=\"wpb-content-wrapper\"><p>[vc_row full_width=\u00bbstretch_row\u00bb parallax=\u00bbcontent-moving\u00bb parallax_image=\u00bb899&#8243; el_class=\u00bbwrapper-visible\u00bb css=\u00bb.vc_custom_1710776563093{background-color: #242423 !important;}\u00bb][vc_column][vc_empty_space height=\u00bb55px\u00bb][vc_empty_space height=\u00bb55px\u00bb el_class=\u00bbhidden-xs hidden-sm\u00bb][vc_empty_space height=\u00bb130px\u00bb el_class=\u00bbhidden-xs hidden-sm\u00bb][apus_title_heading title=\u00bbDirectorio Empresarial\u00bb descript=\u00bbEncuentra las mejores empresas de la regi\u00f3n en un solo lugar.\u00bb style=\u00bbcenter_white\u00bb][vc_empty_space height=\u00bb35px\u00bb][apus_listing_search search_keyword=\u00bbyes\u00bb search_category=\u00bbyes\u00bb][vc_empty_space height=\u00bb100px\u00bb el_class=\u00bbhidden-xs hidden-sm\u00bb][vc_empty_space height=\u00bb50px\u00bb][\/vc_column][\/vc_row][vc_row full_width=\u00bbstretch_row\u00bb css=\u00bb.vc_custom_1525839118428{background-color: #fafafa !important;}\u00bb][vc_column][vc_empty_space height=\u00bb15px\u00bb][apus_title_heading title=\u00bbComit\u00e9s Gremiales\u00bb descript=\u00bb\u00bfBuscas hacer negocios?\u00bb style=\u00bbcenter\u00bb][vc_empty_space height=\u00bb25px\u00bb][vc_row_inner css=\u00bb.vc_custom_1525914622606{margin-bottom: 1px !important;}\u00bb el_class=\u00bbrow-gutter-2&#8243;][vc_column_inner width=\u00bb4\/12&#8243;][apus_listing_categories_banner category=\u00bbservicios-de-salud-y-empresas-conexas\u00bb categories=\u00bb%5B%7B%22image%22%3A%22240%22%2C%22category%22%3A%22nightlife%22%2C%22title%22%3A%22Nightlife%22%7D%5D\u00bb image=\u00bb1105&#8243;][\/vc_column_inner][vc_column_inner width=\u00bb8\/12&#8243;][apus_listing_categories_banner category=\u00bbturismo\u00bb categories=\u00bb%5B%7B%22image%22%3A%22242%22%2C%22category%22%3A%22nightlife%22%2C%22title%22%3A%22Nightlife%22%7D%5D\u00bb image=\u00bb726&#8243;][\/vc_column_inner][\/vc_row_inner][vc_row_inner el_class=\u00bbrow-gutter-2&#8243;][vc_column_inner width=\u00bb1\/3&#8243;][apus_listing_categories_banner category=\u00bbcomunicaciones-informatica-y-empresas-conexas\u00bb categories=\u00bb%5B%7B%22image%22%3A%22240%22%2C%22category%22%3A%22nightlife%22%2C%22title%22%3A%22Nightlife%22%7D%5D\u00bb image=\u00bb239&#8243; icon_image=\u00bb254&#8243;][\/vc_column_inner][vc_column_inner width=\u00bb1\/3&#8243;][apus_listing_categories_banner category=\u00bbempresas-bancarias-y-administradoras-de-fondos-de-pensiones\u00bb categories=\u00bb%5B%7B%22image%22%3A%22240%22%2C%22category%22%3A%22nightlife%22%2C%22title%22%3A%22Nightlife%22%7D%5D\u00bb image=\u00bb241&#8243; icon_image=\u00bb255&#8243;][\/vc_column_inner][vc_column_inner width=\u00bb1\/3&#8243;][apus_listing_categories_banner category=\u00bbenergia-minas-e-hidrocarburos\u00bb categories=\u00bb%5B%7B%22image%22%3A%22240%22%2C%22category%22%3A%22nightlife%22%2C%22title%22%3A%22Nightlife%22%7D%5D\u00bb image=\u00bb423&#8243; icon_image=\u00bb256&#8243;][\/vc_column_inner][\/vc_row_inner][vc_empty_space height=\u00bb25px\u00bb][vc_empty_space height=\u00bb35px\u00bb el_class=\u00bbhidden-xs hidden-sm\u00bb][\/vc_column][\/vc_row][vc_row][vc_column][vc_empty_space height=\u00bb15px\u00bb][apus_title_heading title=\u00bbAsociados\u00bb descript=\u00bbHaz negocio con nuestros asociados y ve crecer la regi\u00f3n.\u00bb style=\u00bbcenter\u00bb][vc_empty_space height=\u00bb25px\u00bb][apus_listings number=\u00bb12&#8243; columns=\u00bb3&#8243; style=\u00bbcarousel\u00bb show_pagination=\u00bbtrue\u00bb][\/vc_column][\/vc_row][vc_row full_width=\u00bbstretch_row_content_no_spaces\u00bb][vc_column][vc_separator color=\u00bbcustom\u00bb accent_color=\u00bb#e8e8e8&#8243; css=\u00bb.vc_custom_1525839994596{margin-top: 0px !important;margin-bottom: 1px !important;}\u00bb][\/vc_column][\/vc_row][vc_row][vc_column][vc_empty_space height=\u00bb15px\u00bb][apus_title_heading title=\u00bbNoticias del asociado\u00bb descript=\u00bbEnt\u00e9rate de las \u00faltimas noticias de la regi\u00f3n.\u00bb style=\u00bbcenter\u00bb][vc_empty_space height=\u00bb25px\u00bb][apus_gridposts grid_columns=\u00bb3&#8243; layout_type=\u00bbcarousel\u00bb loop=\u00bbsize:6|order_by:date|post_type:post\u00bb thumbsize=\u00bb370&#215;400&#8243;][\/vc_column][\/vc_row][vc_row][vc_column width=\u00bb1\/3&#8243;][\/vc_column][vc_column width=\u00bb1\/3&#8243;][\/vc_column][vc_column width=\u00bb1\/3&#8243;][\/vc_column][\/vc_row]<\/p>\n<\/section>","protected":false},"excerpt":{"rendered":"<p>[vc_row full_width=\u00bbstretch_row\u00bb parallax=\u00bbcontent-moving\u00bb parallax_image=\u00bb899&#8243; el_class=\u00bbwrapper-visible\u00bb css=\u00bb.vc_custom_1710776563093{background-color: #242423 !important;}\u00bb][vc_column][vc_empty_space height=\u00bb55px\u00bb][vc_empty_space height=\u00bb55px\u00bb el_class=\u00bbhidden-xs hidden-sm\u00bb][vc_empty_space height=\u00bb130px\u00bb el_class=\u00bbhidden-xs hidden-sm\u00bb][apus_title_heading title=\u00bbDirectorio Empresarial\u00bb descript=\u00bbEncuentra las mejores empresas de la regi\u00f3n en un solo lugar.\u00bb style=\u00bbcenter_white\u00bb][vc_empty_space height=\u00bb35px\u00bb][apus_listing_search search_keyword=\u00bbyes\u00bb search_category=\u00bbyes\u00bb][vc_empty_space height=\u00bb100px\u00bb el_class=\u00bbhidden-xs hidden-sm\u00bb][vc_empty_space height=\u00bb50px\u00bb][\/vc_column][\/vc_row][vc_row full_width=\u00bbstretch_row\u00bb css=\u00bb.vc_custom_1525839118428{background-color: #fafafa !important;}\u00bb][vc_column][vc_empty_space height=\u00bb15px\u00bb][apus_title_heading title=\u00bbComit\u00e9s Gremiales\u00bb descript=\u00bb\u00bfBuscas hacer negocios?\u00bb style=\u00bbcenter\u00bb][vc_empty_space height=\u00bb25px\u00bb][vc_row_inner css=\u00bb.vc_custom_1525914622606{margin-bottom: 1px !important;}\u00bb el_class=\u00bbrow-gutter-2&#8243;][vc_column_inner width=\u00bb4\/12&#8243;][apus_listing_categories_banner category=\u00bbservicios-de-salud-y-empresas-conexas\u00bb categories=\u00bb%5B%7B%22image%22%3A%22240%22%2C%22category%22%3A%22nightlife%22%2C%22title%22%3A%22Nightlife%22%7D%5D\u00bb &hellip; <br \/><a href=\"https:\/\/camaralalibertad.org.pe\/directorio\/\" class=\"more-link\">Continue reading <span class=\"screen-reader-text\">Home 1<\/span><\/a><\/p>\n","protected":false},"author":1,"featured_media":0,"parent":0,"menu_order":0,"comment_status":"closed","ping_status":"closed","template":"","meta":{"footnotes":""},"class_list":["post-19","page","type-page","status-publish","hentry"],"_links":{"self":[{"href":"https:\/\/camaralalibertad.org.pe\/directorio\/wp-json\/wp\/v2\/pages\/19","targetHints":{"allow":["GET"]}}],"collection":[{"href":"https:\/\/camaralalibertad.org.pe\/directorio\/wp-json\/wp\/v2\/pages"}],"about":[{"href":"https:\/\/camaralalibertad.org.pe\/directorio\/wp-json\/wp\/v2\/types\/page"}],"author":[{"embeddable":true,"href":"https:\/\/camaralalibertad.org.pe\/directorio\/wp-json\/wp\/v2\/users\/1"}],"replies":[{"embeddable":true,"href":"https:\/\/camaralalibertad.org.pe\/directorio\/wp-json\/wp\/v2\/comments?post=19"}],"version-history":[{"count":18,"href":"https:\/\/camaralalibertad.org.pe\/directorio\/wp-json\/wp\/v2\/pages\/19\/revisions"}],"predecessor-version":[{"id":901,"href":"https:\/\/camaralalibertad.org.pe\/directorio\/wp-json\/wp\/v2\/pages\/19\/revisions\/901"}],"wp:attachment":[{"href":"https:\/\/camaralalibertad.org.pe\/directorio\/wp-json\/wp\/v2\/media?parent=19"}],"curies":[{"name":"wp","href":"https:\/\/api.w.org\/{rel}","templated":true}]}}